{"id":196,"date":"2020-01-12T21:24:44","date_gmt":"2020-01-12T19:24:44","guid":{"rendered":"http:\/\/timisoarafreetours.com\/?page_id=196"},"modified":"2021-04-10T11:15:25","modified_gmt":"2021-04-10T09:15:25","slug":"about","status":"publish","type":"page","link":"https:\/\/timisoarafreetours.com\/ro\/about\/","title":{"rendered":"About"},"content":{"rendered":"<div data-elementor-type=\"wp-page\" data-elementor-id=\"196\" class=\"elementor elementor-196\">\n\t\t\t\t\t\t<section class=\"elementor-section elementor-top-section elementor-element elementor-element-6ffbe463 elementor-section-boxed elementor-section-height-default elementor-section-height-default\" data-id=\"6ffbe463\" data-element_type=\"section\" data-e-type=\"section\">\n\t\t\t\t\t\t<div class=\"elementor-container elementor-column-gap-default\">\n\t\t\t\t\t<div class=\"elementor-column elementor-col-100 elementor-top-column elementor-element elementor-element-41fcf275\" data-id=\"41fcf275\" data-element_type=\"column\" data-e-type=\"column\">\n\t\t\t<div class=\"elementor-widget-wrap elementor-element-populated\">\n\t\t\t\t\t\t<div class=\"elementor-element elementor-element-4efb01df elementor-widget elementor-widget-spacer\" data-id=\"4efb01df\" data-element_type=\"widget\" data-e-type=\"widget\" data-widget_type=\"spacer.default\">\n\t\t\t\t<div class=\"elementor-widget-container\">\n\t\t\t\t\t\t\t<div class=\"elementor-spacer\">\n\t\t\t<div class=\"elementor-spacer-inner\"><\/div>\n\t\t<\/div>\n\t\t\t\t\t\t<\/div>\n\t\t\t\t<\/div>\n\t\t\t\t\t<\/div>\n\t\t<\/div>\n\t\t\t\t\t<\/div>\n\t\t<\/section>\n\t\t\t\t<section class=\"elementor-section elementor-top-section elementor-element elementor-element-f44d4e4 elementor-section-boxed elementor-section-height-default elementor-section-height-default\" data-id=\"f44d4e4\" data-element_type=\"section\" data-e-type=\"section\">\n\t\t\t\t\t\t<div class=\"elementor-container elementor-column-gap-default\">\n\t\t\t\t\t<div class=\"elementor-column elementor-col-100 elementor-top-column elementor-element elementor-element-5c6b449\" data-id=\"5c6b449\" data-element_type=\"column\" data-e-type=\"column\">\n\t\t\t<div class=\"elementor-widget-wrap elementor-element-populated\">\n\t\t\t\t\t\t<div class=\"elementor-element elementor-element-a97d9a0 elementor-arrows-position-inside elementor-widget elementor-widget-image-carousel\" data-id=\"a97d9a0\" data-element_type=\"widget\" data-e-type=\"widget\" data-settings=\"{&quot;navigation&quot;:&quot;arrows&quot;,&quot;_animation&quot;:&quot;none&quot;,&quot;autoplay&quot;:&quot;yes&quot;,&quot;pause_on_hover&quot;:&quot;yes&quot;,&quot;pause_on_interaction&quot;:&quot;yes&quot;,&quot;autoplay_speed&quot;:5000,&quot;infinite&quot;:&quot;yes&quot;,&quot;speed&quot;:500}\" data-widget_type=\"image-carousel.default\">\n\t\t\t\t<div class=\"elementor-widget-container\">\n\t\t\t\t\t\t\t<div class=\"elementor-image-carousel-wrapper swiper\" role=\"region\" aria-roledescription=\"carousel\" aria-label=\"Image Carousel\" dir=\"ltr\">\n\t\t\t<div class=\"elementor-image-carousel swiper-wrapper\" aria-live=\"off\">\n\t\t\t\t\t\t\t\t<div class=\"swiper-slide\" role=\"group\" aria-roledescription=\"slide\" aria-label=\"1 of 4\"><figure class=\"swiper-slide-inner\"><img decoding=\"async\" class=\"swiper-slide-image\" src=\"https:\/\/i0.wp.com\/timisoarafreetours.com\/wp-content\/uploads\/2021\/04\/Timisoara-1.jpg?fit=400%2C300&amp;ssl=1\" alt=\"Timisoara 1\" \/><\/figure><\/div><div class=\"swiper-slide\" role=\"group\" aria-roledescription=\"slide\" aria-label=\"2 of 4\"><figure class=\"swiper-slide-inner\"><img decoding=\"async\" class=\"swiper-slide-image\" src=\"https:\/\/i0.wp.com\/timisoarafreetours.com\/wp-content\/uploads\/2021\/04\/Timisoara-2.jpg?fit=400%2C300&amp;ssl=1\" alt=\"Timisoara 2\" \/><\/figure><\/div><div class=\"swiper-slide\" role=\"group\" aria-roledescription=\"slide\" aria-label=\"3 of 4\"><figure class=\"swiper-slide-inner\"><img decoding=\"async\" class=\"swiper-slide-image\" src=\"https:\/\/i0.wp.com\/timisoarafreetours.com\/wp-content\/uploads\/2021\/04\/Timisoara-3.jpg?fit=400%2C300&amp;ssl=1\" alt=\"Timisoara 3\" \/><\/figure><\/div><div class=\"swiper-slide\" role=\"group\" aria-roledescription=\"slide\" aria-label=\"4 of 4\"><figure class=\"swiper-slide-inner\"><img decoding=\"async\" class=\"swiper-slide-image\" src=\"https:\/\/i0.wp.com\/timisoarafreetours.com\/wp-content\/uploads\/2021\/04\/Timisoara-4.jpg?fit=400%2C300&amp;ssl=1\" alt=\"Timisoara 4\" \/><\/figure><\/div>\t\t\t<\/div>\n\t\t\t\t\t\t\t\t\t\t\t\t<div class=\"elementor-swiper-button elementor-swiper-button-prev\" role=\"button\" tabindex=\"0\">\n\t\t\t\t\t\t<i aria-hidden=\"true\" class=\"eicon-chevron-left\"><\/i>\t\t\t\t\t<\/div>\n\t\t\t\t\t<div class=\"elementor-swiper-button elementor-swiper-button-next\" role=\"button\" tabindex=\"0\">\n\t\t\t\t\t\t<i aria-hidden=\"true\" class=\"eicon-chevron-right\"><\/i>\t\t\t\t\t<\/div>\n\t\t\t\t\n\t\t\t\t\t\t\t\t\t<\/div>\n\t\t\t\t\t\t<\/div>\n\t\t\t\t<\/div>\n\t\t\t\t\t<\/div>\n\t\t<\/div>\n\t\t\t\t\t<\/div>\n\t\t<\/section>\n\t\t\t\t<section class=\"elementor-section elementor-top-section elementor-element elementor-element-3b1e5bc9 elementor-section-boxed elementor-section-height-default elementor-section-height-default\" data-id=\"3b1e5bc9\" data-element_type=\"section\" data-e-type=\"section\">\n\t\t\t\t\t\t<div class=\"elementor-container elementor-column-gap-default\">\n\t\t\t\t\t<div class=\"elementor-column elementor-col-33 elementor-top-column elementor-element elementor-element-33a428e0\" data-id=\"33a428e0\" data-element_type=\"column\" data-e-type=\"column\">\n\t\t\t<div class=\"elementor-widget-wrap elementor-element-populated\">\n\t\t\t\t\t\t<div class=\"elementor-element elementor-element-30de7bc5 elementor-widget elementor-widget-text-editor\" data-id=\"30de7bc5\" data-element_type=\"widget\" data-e-type=\"widget\" data-widget_type=\"text-editor.default\">\n\t\t\t\t<div class=\"elementor-widget-container\">\n\t\t\t\t\t\t\t\t\t<h5>TIMI\u0218OARA<\/h5><p style=\"color: #7a7a7a; font-size: 16px; font-weight: 400; letter-spacing: normal; text-transform: none;\">Situat \u00een vestul Rom\u00e2niei, fiind cel mai mare ora\u0219 al regiunii Banat, ora\u0219ul Timi\u0219oara este cas\u0103 pentru peste 300 de mii de locuitori.\u00a0<br \/>Mo\u0219tenirea multicultural\u0103 a ora\u0219ului se datoreaz\u0103 faptului c\u0103 a fost parte a Imperiului Ungariei, Imperiului Otoman, Imperiului Austro-Ungar \u0219i, din 1918, a Rom\u00e2niei.\u00a0<\/p>\t\t\t\t\t\t\t\t<\/div>\n\t\t\t\t<\/div>\n\t\t\t\t\t<\/div>\n\t\t<\/div>\n\t\t\t\t<div class=\"elementor-column elementor-col-33 elementor-top-column elementor-element elementor-element-6f355694\" data-id=\"6f355694\" data-element_type=\"column\" data-e-type=\"column\">\n\t\t\t<div class=\"elementor-widget-wrap elementor-element-populated\">\n\t\t\t\t\t\t<div class=\"elementor-element elementor-element-1c1a9ce0 elementor-widget elementor-widget-text-editor\" data-id=\"1c1a9ce0\" data-element_type=\"widget\" data-e-type=\"widget\" data-widget_type=\"text-editor.default\">\n\t\t\t\t<div class=\"elementor-widget-container\">\n\t\t\t\t\t\t\t\t\t<p>Timi\u0219oara a avut popula\u021bii considerabile de maghiari, germani, evrei, s\u00e2rbi, bulgari \u0219i rromi, \u00een diferite perioade ale istoriei.<br \/>\u00cen timpul celei de-a doua jum\u0103t\u0103\u021bi a secolului XIX \u0219i la \u00eenceputul secolului XX, ora\u0219ul a cunoscut o perioad\u0103 de dezvoltare rapid\u0103, o mare parte a cl\u0103dirilor impozabile din ora\u0219 fiind construite \u00een acea perioad\u0103.<\/p>\t\t\t\t\t\t\t\t<\/div>\n\t\t\t\t<\/div>\n\t\t\t\t\t<\/div>\n\t\t<\/div>\n\t\t\t\t<div class=\"elementor-column elementor-col-33 elementor-top-column elementor-element elementor-element-7c24f2e2\" data-id=\"7c24f2e2\" data-element_type=\"column\" data-e-type=\"column\">\n\t\t\t<div class=\"elementor-widget-wrap elementor-element-populated\">\n\t\t\t\t\t\t<div class=\"elementor-element elementor-element-2917d733 elementor-widget elementor-widget-text-editor\" data-id=\"2917d733\" data-element_type=\"widget\" data-e-type=\"widget\" data-widget_type=\"text-editor.default\">\n\t\t\t\t<div class=\"elementor-widget-container\">\n\t\t\t\t\t\t\t\t\t<p>Pentru a afla mai multe despre frumoasa istorie a ora\u0219ului, dar \u0219i pove\u0219ti \u0219i legende, rezerv\u0103 unul dintre tururile oferite de noi.<br \/>Cu  ajutorul ghizilor no\u0219tri, o s\u0103 ai ocazia s\u0103 afli pove\u0219ti \u0219i legende despre cele mai importante, admirabile sau chiar \u00eenfrico\u0219\u0103toare personalit\u0103\u021bi ale ora\u0219ului sau regiunii, care au tr\u0103it, la un moment dat, \u00een Timi\u0219oara.<\/p>\t\t\t\t\t\t\t\t<\/div>\n\t\t\t\t<\/div>\n\t\t\t\t\t<\/div>\n\t\t<\/div>\n\t\t\t\t\t<\/div>\n\t\t<\/section>\n\t\t\t\t<section class=\"elementor-section elementor-top-section elementor-element elementor-element-703f37f8 elementor-section-boxed elementor-section-height-default elementor-section-height-default\" data-id=\"703f37f8\" data-element_type=\"section\" data-e-type=\"section\">\n\t\t\t\t\t\t<div class=\"elementor-container elementor-column-gap-default\">\n\t\t\t\t\t<div class=\"elementor-column elementor-col-50 elementor-top-column elementor-element elementor-element-7c1e92bb\" data-id=\"7c1e92bb\" data-element_type=\"column\" data-e-type=\"column\">\n\t\t\t<div class=\"elementor-widget-wrap elementor-element-populated\">\n\t\t\t\t\t\t<div class=\"elementor-element elementor-element-367a838f elementor-widget-divider--view-line elementor-widget elementor-widget-divider\" data-id=\"367a838f\" data-element_type=\"widget\" data-e-type=\"widget\" data-widget_type=\"divider.default\">\n\t\t\t\t<div class=\"elementor-widget-container\">\n\t\t\t\t\t\t\t<div class=\"elementor-divider\">\n\t\t\t<span class=\"elementor-divider-separator\">\n\t\t\t\t\t\t<\/span>\n\t\t<\/div>\n\t\t\t\t\t\t<\/div>\n\t\t\t\t<\/div>\n\t\t\t\t<div class=\"elementor-element elementor-element-5e585252 elementor-widget elementor-widget-image\" data-id=\"5e585252\" data-element_type=\"widget\" data-e-type=\"widget\" data-widget_type=\"image.default\">\n\t\t\t\t<div class=\"elementor-widget-container\">\n\t\t\t\t\t\t\t\t\t\t\t\t\t\t\t<img data-recalc-dims=\"1\" decoding=\"async\" src=\"https:\/\/i0.wp.com\/timisoarafreetours.com\/wp-content\/uploads\/elementor\/thumbs\/logo_tm-1-ojkhfiug06botthmx3ngkutr22h0lm0drvex2z8mps.png?w=525&#038;ssl=1\" title=\"logo_tm (1)\" alt=\"logo_tm (1)\" loading=\"lazy\" \/>\t\t\t\t\t\t\t\t\t\t\t\t\t\t\t<\/div>\n\t\t\t\t<\/div>\n\t\t\t\t<div class=\"elementor-element elementor-element-4ed2d568 elementor-widget elementor-widget-text-editor\" data-id=\"4ed2d568\" data-element_type=\"widget\" data-e-type=\"widget\" data-widget_type=\"text-editor.default\">\n\t\t\t\t<div class=\"elementor-widget-container\">\n\t\t\t\t\t\t\t\t\t<p><strong>Timi\u0219oara Free Tours<\/strong> a fost \u00eenfiin\u021bat \u00een 2020, dup\u0103 ce am lansat \u0218coala de Turism Alternativ \u00een Timi\u0219oara.\u00a0<\/p><p>Am pornit acest proiect cu scopul de a promova Timi\u0219oara - un ora\u0219 aflat \u00een partea de vest a Rom\u00e2niei. Istoria bogat\u0103 \u0219i cl\u0103dirile frumoase par s\u0103 fi fost uitate de autorit\u0103\u021bile locale \u00een ultimele decenii, astfel c\u0103 am realizat c\u0103 dac\u0103 ne dorim ca ceva bun s\u0103 se \u00eent\u00e2mple pentru turi\u0219tii care viziteaz\u0103 ora\u0219ul, trebuie s\u0103 o facem noi.<\/p>\t\t\t\t\t\t\t\t<\/div>\n\t\t\t\t<\/div>\n\t\t\t\t<section class=\"elementor-section elementor-inner-section elementor-element elementor-element-cd94ca5 elementor-section-boxed elementor-section-height-default elementor-section-height-default\" data-id=\"cd94ca5\" data-element_type=\"section\" data-e-type=\"section\">\n\t\t\t\t\t\t<div class=\"elementor-container elementor-column-gap-default\">\n\t\t\t\t\t<div class=\"elementor-column elementor-col-33 elementor-inner-column elementor-element elementor-element-82354d9\" data-id=\"82354d9\" data-element_type=\"column\" data-e-type=\"column\">\n\t\t\t<div class=\"elementor-widget-wrap elementor-element-populated\">\n\t\t\t\t\t\t<div class=\"elementor-element elementor-element-723fcc7 elementor-widget elementor-widget-image\" data-id=\"723fcc7\" data-element_type=\"widget\" data-e-type=\"widget\" data-widget_type=\"image.default\">\n\t\t\t\t<div class=\"elementor-widget-container\">\n\t\t\t\t\t\t\t\t\t\t\t\t\t\t\t\t<a href=\"http:\/\/www.aradfreetours.com\" target=\"_blank\">\n\t\t\t\t\t\t\t<img decoding=\"async\" width=\"100\" height=\"100\" src=\"https:\/\/i0.wp.com\/timisoarafreetours.com\/wp-content\/uploads\/2020\/01\/AFT-1.jpg?resize=100%2C100&amp;ssl=1\" class=\"attachment-twentyseventeen-thumbnail-avatar size-twentyseventeen-thumbnail-avatar wp-image-108\" alt=\"\" srcset=\"https:\/\/i0.wp.com\/timisoarafreetours.com\/wp-content\/uploads\/2020\/01\/AFT-1.jpg?w=350&amp;ssl=1 350w, https:\/\/i0.wp.com\/timisoarafreetours.com\/wp-content\/uploads\/2020\/01\/AFT-1.jpg?resize=300%2C300&amp;ssl=1 300w, https:\/\/i0.wp.com\/timisoarafreetours.com\/wp-content\/uploads\/2020\/01\/AFT-1.jpg?resize=150%2C150&amp;ssl=1 150w, https:\/\/i0.wp.com\/timisoarafreetours.com\/wp-content\/uploads\/2020\/01\/AFT-1.jpg?resize=100%2C100&amp;ssl=1 100w\" sizes=\"100vw\" \/>\t\t\t\t\t\t\t\t<\/a>\n\t\t\t\t\t\t\t\t\t\t\t\t\t\t\t<\/div>\n\t\t\t\t<\/div>\n\t\t\t\t\t<\/div>\n\t\t<\/div>\n\t\t\t\t<div class=\"elementor-column elementor-col-33 elementor-inner-column elementor-element elementor-element-1c436fd\" data-id=\"1c436fd\" data-element_type=\"column\" data-e-type=\"column\">\n\t\t\t<div class=\"elementor-widget-wrap elementor-element-populated\">\n\t\t\t\t\t\t<div class=\"elementor-element elementor-element-b38065b elementor-widget elementor-widget-image\" data-id=\"b38065b\" data-element_type=\"widget\" data-e-type=\"widget\" data-widget_type=\"image.default\">\n\t\t\t\t<div class=\"elementor-widget-container\">\n\t\t\t\t\t\t\t\t\t\t\t\t\t\t\t\t<a href=\"http:\/\/www.oradeafreetours.com\" target=\"_blank\">\n\t\t\t\t\t\t\t<img decoding=\"async\" width=\"100\" height=\"100\" src=\"https:\/\/i0.wp.com\/timisoarafreetours.com\/wp-content\/uploads\/2020\/01\/logo_or.png?resize=100%2C100&amp;ssl=1\" class=\"attachment-twentyseventeen-thumbnail-avatar size-twentyseventeen-thumbnail-avatar wp-image-107\" alt=\"\" srcset=\"https:\/\/i0.wp.com\/timisoarafreetours.com\/wp-content\/uploads\/2020\/01\/logo_or.png?w=2344&amp;ssl=1 2344w, https:\/\/i0.wp.com\/timisoarafreetours.com\/wp-content\/uploads\/2020\/01\/logo_or.png?resize=300%2C300&amp;ssl=1 300w, https:\/\/i0.wp.com\/timisoarafreetours.com\/wp-content\/uploads\/2020\/01\/logo_or.png?resize=1024%2C1024&amp;ssl=1 1024w, https:\/\/i0.wp.com\/timisoarafreetours.com\/wp-content\/uploads\/2020\/01\/logo_or.png?resize=150%2C150&amp;ssl=1 150w, https:\/\/i0.wp.com\/timisoarafreetours.com\/wp-content\/uploads\/2020\/01\/logo_or.png?resize=768%2C768&amp;ssl=1 768w, https:\/\/i0.wp.com\/timisoarafreetours.com\/wp-content\/uploads\/2020\/01\/logo_or.png?resize=1536%2C1536&amp;ssl=1 1536w, https:\/\/i0.wp.com\/timisoarafreetours.com\/wp-content\/uploads\/2020\/01\/logo_or.png?resize=2048%2C2048&amp;ssl=1 2048w, https:\/\/i0.wp.com\/timisoarafreetours.com\/wp-content\/uploads\/2020\/01\/logo_or.png?resize=100%2C100&amp;ssl=1 100w\" sizes=\"100vw\" \/>\t\t\t\t\t\t\t\t<\/a>\n\t\t\t\t\t\t\t\t\t\t\t\t\t\t\t<\/div>\n\t\t\t\t<\/div>\n\t\t\t\t\t<\/div>\n\t\t<\/div>\n\t\t\t\t<div class=\"elementor-column elementor-col-33 elementor-inner-column elementor-element elementor-element-65cedd9\" data-id=\"65cedd9\" data-element_type=\"column\" data-e-type=\"column\">\n\t\t\t<div class=\"elementor-widget-wrap elementor-element-populated\">\n\t\t\t\t\t\t<div class=\"elementor-element elementor-element-35717dc elementor-widget elementor-widget-image\" data-id=\"35717dc\" data-element_type=\"widget\" data-e-type=\"widget\" data-widget_type=\"image.default\">\n\t\t\t\t<div class=\"elementor-widget-container\">\n\t\t\t\t\t\t\t\t\t\t\t\t\t\t\t\t<a href=\"http:\/\/www.clujfreetours.com\" target=\"_blank\">\n\t\t\t\t\t\t\t<img decoding=\"async\" width=\"100\" height=\"100\" src=\"https:\/\/i0.wp.com\/timisoarafreetours.com\/wp-content\/uploads\/2020\/01\/logo_cj.png?resize=100%2C100&amp;ssl=1\" class=\"attachment-twentyseventeen-thumbnail-avatar size-twentyseventeen-thumbnail-avatar wp-image-105\" alt=\"\" srcset=\"https:\/\/i0.wp.com\/timisoarafreetours.com\/wp-content\/uploads\/2020\/01\/logo_cj.png?w=2344&amp;ssl=1 2344w, https:\/\/i0.wp.com\/timisoarafreetours.com\/wp-content\/uploads\/2020\/01\/logo_cj.png?resize=300%2C300&amp;ssl=1 300w, https:\/\/i0.wp.com\/timisoarafreetours.com\/wp-content\/uploads\/2020\/01\/logo_cj.png?resize=1024%2C1024&amp;ssl=1 1024w, https:\/\/i0.wp.com\/timisoarafreetours.com\/wp-content\/uploads\/2020\/01\/logo_cj.png?resize=150%2C150&amp;ssl=1 150w, https:\/\/i0.wp.com\/timisoarafreetours.com\/wp-content\/uploads\/2020\/01\/logo_cj.png?resize=768%2C768&amp;ssl=1 768w, https:\/\/i0.wp.com\/timisoarafreetours.com\/wp-content\/uploads\/2020\/01\/logo_cj.png?resize=1536%2C1536&amp;ssl=1 1536w, https:\/\/i0.wp.com\/timisoarafreetours.com\/wp-content\/uploads\/2020\/01\/logo_cj.png?resize=2048%2C2048&amp;ssl=1 2048w, https:\/\/i0.wp.com\/timisoarafreetours.com\/wp-content\/uploads\/2020\/01\/logo_cj.png?resize=100%2C100&amp;ssl=1 100w\" sizes=\"100vw\" \/>\t\t\t\t\t\t\t\t<\/a>\n\t\t\t\t\t\t\t\t\t\t\t\t\t\t\t<\/div>\n\t\t\t\t<\/div>\n\t\t\t\t\t<\/div>\n\t\t<\/div>\n\t\t\t\t\t<\/div>\n\t\t<\/section>\n\t\t\t\t<div class=\"elementor-element elementor-element-44fe7936 elementor-widget elementor-widget-spacer\" data-id=\"44fe7936\" data-element_type=\"widget\" data-e-type=\"widget\" data-widget_type=\"spacer.default\">\n\t\t\t\t<div class=\"elementor-widget-container\">\n\t\t\t\t\t\t\t<div class=\"elementor-spacer\">\n\t\t\t<div class=\"elementor-spacer-inner\"><\/div>\n\t\t<\/div>\n\t\t\t\t\t\t<\/div>\n\t\t\t\t<\/div>\n\t\t\t\t\t<\/div>\n\t\t<\/div>\n\t\t\t\t<div class=\"elementor-column elementor-col-50 elementor-top-column elementor-element elementor-element-b60b533\" data-id=\"b60b533\" data-element_type=\"column\" data-e-type=\"column\">\n\t\t\t<div class=\"elementor-widget-wrap elementor-element-populated\">\n\t\t\t\t\t\t<div class=\"elementor-element elementor-element-40d1ecbb elementor-widget-divider--view-line elementor-widget elementor-widget-divider\" data-id=\"40d1ecbb\" data-element_type=\"widget\" data-e-type=\"widget\" data-widget_type=\"divider.default\">\n\t\t\t\t<div class=\"elementor-widget-container\">\n\t\t\t\t\t\t\t<div class=\"elementor-divider\">\n\t\t\t<span class=\"elementor-divider-separator\">\n\t\t\t\t\t\t<\/span>\n\t\t<\/div>\n\t\t\t\t\t\t<\/div>\n\t\t\t\t<\/div>\n\t\t\t\t<div class=\"elementor-element elementor-element-47a0e686 elementor-widget elementor-widget-image\" data-id=\"47a0e686\" data-element_type=\"widget\" data-e-type=\"widget\" data-widget_type=\"image.default\">\n\t\t\t\t<div class=\"elementor-widget-container\">\n\t\t\t\t\t\t\t\t\t\t\t\t\t\t\t<img data-recalc-dims=\"1\" decoding=\"async\" src=\"https:\/\/i0.wp.com\/timisoarafreetours.com\/wp-content\/uploads\/elementor\/thumbs\/ATA-ojkh27gr6o3gcotyocfq97so3k3tjz59xypabuzev4.jpg?w=525&#038;ssl=1\" title=\"ATA\" alt=\"ATA\" loading=\"lazy\" \/>\t\t\t\t\t\t\t\t\t\t\t\t\t\t\t<\/div>\n\t\t\t\t<\/div>\n\t\t\t\t<div class=\"elementor-element elementor-element-5effb848 elementor-widget elementor-widget-text-editor\" data-id=\"5effb848\" data-element_type=\"widget\" data-e-type=\"widget\" data-widget_type=\"text-editor.default\">\n\t\t\t\t<div class=\"elementor-widget-container\">\n\t\t\t\t\t\t\t\t\t<p style=\"text-align: center;\"><b>Asocia\u021bia Turism Alternativ<\/b>\u00a0a fost \u00eenfiin\u021bat\u0103 \u00een 2015, de c\u0103tre un grup de tineri din Arad, care \u00ee\u0219i doreau s\u0103 ajute la impulsionarea turismului local \u0219i na\u021bional, folosind metode alternative.\u00a0<\/p><p style=\"text-align: center;\">Dup\u0103 ce am lansat proiectul de Free Tours, am deschis \u0219i o \u0218coal\u0103 de Turism Alternativ, cu profesioni\u0219ti din domenii diferite, av\u00e2nd ca scop \u201efurnizarea\u201d de personal bine preg\u0103tit pentru industria turismului rom\u00e2nesc \u0219i european.<\/p><p style=\"text-align: center;\">We also have projects aiming to help locals find out about their city&#8217;s history &#8211; such as &#8220;Arad Free Tours on bikes&#8221;, or projects which aim to promote a healthy lifestyle &#8211; The &#8220;Bizere&#8221; Semimarathon.<\/p><p style=\"text-align: right;\"><span style=\"color: #0a7689;\"><a style=\"text-align: right; background-color: #ffffff; font-size: 1rem; color: #0a7689;\" href=\"http:\/\/www.turismalternativ.ro\/ro\/\" target=\"_blank\" rel=\"noopener\"><b>AFL\u0102 MAI MULTE!<\/b><\/a><\/span><\/p>\t\t\t\t\t\t\t\t<\/div>\n\t\t\t\t<\/div>\n\t\t\t\t\t<\/div>\n\t\t<\/div>\n\t\t\t\t\t<\/div>\n\t\t<\/section>\n\t\t\t\t<\/div>","protected":false},"excerpt":{"rendered":"<p>Previous Next TIMI\u0218OARA Located in Western Romania, being the largest city of Banat Region, Timi\u0219oara is home to more than 300 thousand people.\u00a0The city&#8217;s multicultural heritage is owed to the fact that it has been part of the Kingdom of Hungary,\u00a0 the Ottoman Empire, Austro-Hungarian Empire, and since 1918 Romania.\u00a0 Timi\u0219oara had significant populations of &hellip; <\/p>\n<p class=\"link-more\"><a href=\"https:\/\/timisoarafreetours.com\/ro\/about\/\" class=\"more-link\">Continu\u0103 lectura<span class=\"screen-reader-text\"> \u201eAbout\u201d<\/span><\/a><\/p>","protected":false},"author":1,"featured_media":0,"parent":0,"menu_order":0,"comment_status":"closed","ping_status":"closed","template":"elementor_canvas","meta":{"nf_dc_page":"","footnotes":""},"class_list":["post-196","page","type-page","status-publish","hentry"],"jetpack_sharing_enabled":true,"_links":{"self":[{"href":"https:\/\/timisoarafreetours.com\/ro\/wp-json\/wp\/v2\/pages\/196","targetHints":{"allow":["GET"]}}],"collection":[{"href":"https:\/\/timisoarafreetours.com\/ro\/wp-json\/wp\/v2\/pages"}],"about":[{"href":"https:\/\/timisoarafreetours.com\/ro\/wp-json\/wp\/v2\/types\/page"}],"author":[{"embeddable":true,"href":"https:\/\/timisoarafreetours.com\/ro\/wp-json\/wp\/v2\/users\/1"}],"replies":[{"embeddable":true,"href":"https:\/\/timisoarafreetours.com\/ro\/wp-json\/wp\/v2\/comments?post=196"}],"version-history":[{"count":13,"href":"https:\/\/timisoarafreetours.com\/ro\/wp-json\/wp\/v2\/pages\/196\/revisions"}],"predecessor-version":[{"id":424,"href":"https:\/\/timisoarafreetours.com\/ro\/wp-json\/wp\/v2\/pages\/196\/revisions\/424"}],"wp:attachment":[{"href":"https:\/\/timisoarafreetours.com\/ro\/wp-json\/wp\/v2\/media?parent=196"}],"curies":[{"name":"wp","href":"https:\/\/api.w.org\/{rel}","templated":true}]}}