{"id":177,"date":"2020-01-12T20:52:40","date_gmt":"2020-01-12T18:52:40","guid":{"rendered":"http:\/\/timisoarafreetours.com\/?page_id=177"},"modified":"2026-03-21T20:43:54","modified_gmt":"2026-03-21T18:43:54","slug":"booking","status":"publish","type":"page","link":"https:\/\/timisoarafreetours.com\/ro\/booking\/","title":{"rendered":"Booking"},"content":{"rendered":"<div data-elementor-type=\"wp-page\" data-elementor-id=\"177\" class=\"elementor elementor-177\">\n\t\t\t\t\t\t<section class=\"elementor-section elementor-top-section elementor-element elementor-element-7bff9429 elementor-section-boxed elementor-section-height-default elementor-section-height-default\" data-id=\"7bff9429\" data-element_type=\"section\" data-e-type=\"section\">\n\t\t\t\t\t\t<div class=\"elementor-container elementor-column-gap-default\">\n\t\t\t\t\t<div class=\"elementor-column elementor-col-100 elementor-top-column elementor-element elementor-element-26a39e51\" data-id=\"26a39e51\" data-element_type=\"column\" data-e-type=\"column\">\n\t\t\t<div class=\"elementor-widget-wrap elementor-element-populated\">\n\t\t\t\t\t\t<div class=\"elementor-element elementor-element-7b0a1771 elementor-widget elementor-widget-spacer\" data-id=\"7b0a1771\" data-element_type=\"widget\" data-e-type=\"widget\" data-widget_type=\"spacer.default\">\n\t\t\t\t<div class=\"elementor-widget-container\">\n\t\t\t\t\t\t\t<div class=\"elementor-spacer\">\n\t\t\t<div class=\"elementor-spacer-inner\"><\/div>\n\t\t<\/div>\n\t\t\t\t\t\t<\/div>\n\t\t\t\t<\/div>\n\t\t\t\t\t<\/div>\n\t\t<\/div>\n\t\t\t\t\t<\/div>\n\t\t<\/section>\n\t\t\t\t<section class=\"elementor-section elementor-top-section elementor-element elementor-element-01bbd33 elementor-section-boxed elementor-section-height-default elementor-section-height-default\" data-id=\"01bbd33\" data-element_type=\"section\" data-e-type=\"section\">\n\t\t\t\t\t\t<div class=\"elementor-container elementor-column-gap-default\">\n\t\t\t\t\t\t<\/div>\n\t\t<\/section>\n\t\t\t\t<section class=\"elementor-section elementor-top-section elementor-element elementor-element-6dbb7da elementor-section-boxed elementor-section-height-default elementor-section-height-default\" data-id=\"6dbb7da\" data-element_type=\"section\" data-e-type=\"section\">\n\t\t\t\t\t\t<div class=\"elementor-container elementor-column-gap-default\">\n\t\t\t\t\t<div class=\"elementor-column elementor-col-50 elementor-top-column elementor-element elementor-element-18b536b\" data-id=\"18b536b\" data-element_type=\"column\" data-e-type=\"column\">\n\t\t\t<div class=\"elementor-widget-wrap elementor-element-populated\">\n\t\t\t\t\t\t<div class=\"elementor-element elementor-element-ecd14f3 elementor-widget elementor-widget-shortcode\" data-id=\"ecd14f3\" data-element_type=\"widget\" data-e-type=\"widget\" data-widget_type=\"shortcode.default\">\n\t\t\t\t<div class=\"elementor-widget-container\">\n\t\t\t\t\t\t\t<div class=\"elementor-shortcode\"><iframe src=\"https:\/\/docs.google.com\/forms\/d\/e\/1FAIpQLSfUyMsqY4YXPG2d1gI6es8Xyy5txBrATslYaPa622vp0Vn7qw\/viewform?embedded=true\" width=\"640\" height=\"1851\" frameborder=\"0\" marginheight=\"0\" marginwidth=\"0\">Loading\u2026<\/iframe><\/div>\n\t\t\t\t\t\t<\/div>\n\t\t\t\t<\/div>\n\t\t\t\t\t<\/div>\n\t\t<\/div>\n\t\t\t\t<div class=\"elementor-column elementor-col-50 elementor-top-column elementor-element elementor-element-3c3aacd\" data-id=\"3c3aacd\" data-element_type=\"column\" data-e-type=\"column\">\n\t\t\t<div class=\"elementor-widget-wrap elementor-element-populated\">\n\t\t\t\t\t\t<div class=\"elementor-element elementor-element-a2629a5 elementor-widget elementor-widget-image\" data-id=\"a2629a5\" data-element_type=\"widget\" data-e-type=\"widget\" data-widget_type=\"image.default\">\n\t\t\t\t<div class=\"elementor-widget-container\">\n\t\t\t\t\t\t\t\t\t\t\t\t\t\t\t\t<a href=\"https:\/\/fitt.ro\/\">\n\t\t\t\t\t\t\t<img decoding=\"async\" width=\"300\" height=\"77\" src=\"https:\/\/i0.wp.com\/timisoarafreetours.com\/wp-content\/uploads\/2020\/08\/fitt-timisoara.jpg?fit=300%2C77&amp;ssl=1\" class=\"attachment-medium_large size-medium_large wp-image-347\" alt=\"\" sizes=\"100vw\" \/>\t\t\t\t\t\t\t\t<\/a>\n\t\t\t\t\t\t\t\t\t\t\t\t\t\t\t<\/div>\n\t\t\t\t<\/div>\n\t\t\t\t<div class=\"elementor-element elementor-element-a2348c7 elementor-widget elementor-widget-image\" data-id=\"a2348c7\" data-element_type=\"widget\" data-e-type=\"widget\" data-widget_type=\"image.default\">\n\t\t\t\t<div class=\"elementor-widget-container\">\n\t\t\t\t\t\t\t\t\t\t\t\t\t\t\t\t<a href=\"http:\/\/www.memorialulrevolutiei.ro\/sitenou\/\">\n\t\t\t\t\t\t\t<img decoding=\"async\" width=\"300\" height=\"77\" src=\"https:\/\/i0.wp.com\/timisoarafreetours.com\/wp-content\/uploads\/2020\/08\/memorialu.jpg?fit=300%2C77&amp;ssl=1\" class=\"attachment-medium_large size-medium_large wp-image-350\" alt=\"\" sizes=\"100vw\" \/>\t\t\t\t\t\t\t\t<\/a>\n\t\t\t\t\t\t\t\t\t\t\t\t\t\t\t<\/div>\n\t\t\t\t<\/div>\n\t\t\t\t<div class=\"elementor-element elementor-element-1e5cb83 elementor-widget elementor-widget-image\" data-id=\"1e5cb83\" data-element_type=\"widget\" data-e-type=\"widget\" data-widget_type=\"image.default\">\n\t\t\t\t<div class=\"elementor-widget-container\">\n\t\t\t\t\t\t\t\t\t\t\t\t\t\t\t\t<a href=\"https:\/\/www.ultramarintm.ro\/\">\n\t\t\t\t\t\t\t<img decoding=\"async\" width=\"300\" height=\"77\" src=\"https:\/\/i0.wp.com\/timisoarafreetours.com\/wp-content\/uploads\/2020\/08\/Ultramarin.jpg?fit=300%2C77&amp;ssl=1\" class=\"attachment-medium_large size-medium_large wp-image-344\" alt=\"\" sizes=\"100vw\" \/>\t\t\t\t\t\t\t\t<\/a>\n\t\t\t\t\t\t\t\t\t\t\t\t\t\t\t<\/div>\n\t\t\t\t<\/div>\n\t\t\t\t<div class=\"elementor-element elementor-element-1c703b4 elementor-widget elementor-widget-image\" data-id=\"1c703b4\" data-element_type=\"widget\" data-e-type=\"widget\" data-widget_type=\"image.default\">\n\t\t\t\t<div class=\"elementor-widget-container\">\n\t\t\t\t\t\t\t\t\t\t\t\t\t\t\t\t<a href=\"https:\/\/www.cardinaltours.ro\/\">\n\t\t\t\t\t\t\t<img loading=\"lazy\" decoding=\"async\" width=\"300\" height=\"77\" src=\"https:\/\/i0.wp.com\/timisoarafreetours.com\/wp-content\/uploads\/2020\/08\/cardinal.jpg?fit=300%2C77&amp;ssl=1\" class=\"attachment-medium_large size-medium_large wp-image-346\" alt=\"\" sizes=\"100vw\" \/>\t\t\t\t\t\t\t\t<\/a>\n\t\t\t\t\t\t\t\t\t\t\t\t\t\t\t<\/div>\n\t\t\t\t<\/div>\n\t\t\t\t<div class=\"elementor-element elementor-element-73e4dca elementor-widget elementor-widget-image\" data-id=\"73e4dca\" data-element_type=\"widget\" data-e-type=\"widget\" data-widget_type=\"image.default\">\n\t\t\t\t<div class=\"elementor-widget-container\">\n\t\t\t\t\t\t\t\t\t\t\t\t\t\t\t\t<a href=\"https:\/\/temesvaros.ro\/\">\n\t\t\t\t\t\t\t<img loading=\"lazy\" decoding=\"async\" width=\"300\" height=\"77\" src=\"https:\/\/i0.wp.com\/timisoarafreetours.com\/wp-content\/uploads\/2021\/06\/temesvaros.jpg?fit=300%2C77&amp;ssl=1\" class=\"attachment-medium_large size-medium_large wp-image-538\" alt=\"\" srcset=\"https:\/\/i0.wp.com\/timisoarafreetours.com\/wp-content\/uploads\/2021\/06\/temesvaros.jpg?w=300&amp;ssl=1 300w, https:\/\/i0.wp.com\/timisoarafreetours.com\/wp-content\/uploads\/2021\/06\/temesvaros.jpg?resize=16%2C4&amp;ssl=1 16w\" sizes=\"100vw\" \/>\t\t\t\t\t\t\t\t<\/a>\n\t\t\t\t\t\t\t\t\t\t\t\t\t\t\t<\/div>\n\t\t\t\t<\/div>\n\t\t\t\t<div class=\"elementor-element elementor-element-1481bd1 elementor-widget elementor-widget-text-editor\" data-id=\"1481bd1\" data-element_type=\"widget\" data-e-type=\"widget\" data-widget_type=\"text-editor.default\">\n\t\t\t\t<div class=\"elementor-widget-container\">\n\t\t\t\t\t\t\t\t\t<p data-start=\"99\" data-end=\"122\"><strong data-start=\"99\" data-end=\"122\">GDPR Consent Notice<\/strong><\/p><p data-start=\"124\" data-end=\"429\">By providing your personal data (name, email address, and phone number), you agree that <strong data-start=\"212\" data-end=\"243\">Asocia\u0163ia Turism Alternativ<\/strong>, located at Ulmului 17, Arad, Romania (C.I.F.: 35095747), may collect and use this information to send you updates about our projects, marketing campaigns, and crowdfunding initiatives.<\/p><p data-start=\"431\" data-end=\"603\">Your data will be stored securely and will not be shared with third parties. You can withdraw your consent at any time by contacting us via email &#8211; turismalternativ@gmail.com.<\/p><p data-start=\"431\" data-end=\"603\">***<\/p><p data-start=\"85\" data-end=\"127\"><strong data-start=\"85\" data-end=\"127\">Notificare privind consim\u021b\u0103m\u00e2ntul GDPR<\/strong><\/p><p data-start=\"129\" data-end=\"502\">Prin furnizarea datelor dumneavoastr\u0103 personale (nume, adres\u0103 de e-mail \u0219i num\u0103r de telefon), sunte\u021bi de acord ca <strong data-start=\"243\" data-end=\"274\">Asocia\u0163ia Turism Alternativ<\/strong>, cu sediul \u00een str. Ulmului nr. 17, Arad, Rom\u00e2nia (C.I.F.: 35095747), s\u0103 colecteze \u0219i s\u0103 utilizeze aceste informa\u021bii pentru a v\u0103 trimite actualiz\u0103ri despre proiectele noastre, campanii de marketing \u0219i ini\u021biative de crowdfunding.<\/p><p data-start=\"504\" data-end=\"690\">Datele dumneavoastr\u0103 vor fi stocate \u00een siguran\u021b\u0103 \u0219i nu vor fi partajate cu ter\u021bi. V\u0103 pute\u021bi retrage consim\u021b\u0103m\u00e2ntul \u00een orice moment, contact\u00e2ndu-ne prin e-mail &#8211; turismalternativ@gmail.com.<\/p>\t\t\t\t\t\t\t\t<\/div>\n\t\t\t\t<\/div>\n\t\t\t\t\t<\/div>\n\t\t<\/div>\n\t\t\t\t\t<\/div>\n\t\t<\/section>\n\t\t\t\t<\/div>","protected":false},"excerpt":{"rendered":"<p>Loading\u2026 GDPR Consent Notice By providing your personal data (name, email address, and phone number), you agree that Asocia\u0163ia Turism Alternativ, located at Ulmului 17, Arad, Romania (C.I.F.: 35095747), may collect and use this information to send you updates about our projects, marketing campaigns, and crowdfunding initiatives. Your data will be stored securely and will &hellip; <\/p>\n<p class=\"link-more\"><a href=\"https:\/\/timisoarafreetours.com\/ro\/booking\/\" class=\"more-link\">Continu\u0103 lectura<span class=\"screen-reader-text\"> \u201eBooking\u201d<\/span><\/a><\/p>","protected":false},"author":1,"featured_media":0,"parent":0,"menu_order":0,"comment_status":"closed","ping_status":"closed","template":"elementor_canvas","meta":{"nf_dc_page":"","footnotes":""},"class_list":["post-177","page","type-page","status-publish","hentry"],"jetpack_sharing_enabled":true,"_links":{"self":[{"href":"https:\/\/timisoarafreetours.com\/ro\/wp-json\/wp\/v2\/pages\/177","targetHints":{"allow":["GET"]}}],"collection":[{"href":"https:\/\/timisoarafreetours.com\/ro\/wp-json\/wp\/v2\/pages"}],"about":[{"href":"https:\/\/timisoarafreetours.com\/ro\/wp-json\/wp\/v2\/types\/page"}],"author":[{"embeddable":true,"href":"https:\/\/timisoarafreetours.com\/ro\/wp-json\/wp\/v2\/users\/1"}],"replies":[{"embeddable":true,"href":"https:\/\/timisoarafreetours.com\/ro\/wp-json\/wp\/v2\/comments?post=177"}],"version-history":[{"count":5,"href":"https:\/\/timisoarafreetours.com\/ro\/wp-json\/wp\/v2\/pages\/177\/revisions"}],"predecessor-version":[{"id":718,"href":"https:\/\/timisoarafreetours.com\/ro\/wp-json\/wp\/v2\/pages\/177\/revisions\/718"}],"wp:attachment":[{"href":"https:\/\/timisoarafreetours.com\/ro\/wp-json\/wp\/v2\/media?parent=177"}],"curies":[{"name":"wp","href":"https:\/\/api.w.org\/{rel}","templated":true}]}}